{"id":80,"date":"2021-08-19T10:28:40","date_gmt":"2021-08-19T10:28:40","guid":{"rendered":"http:\/\/www.kurt-gerstein.de\/?page_id=80"},"modified":"2021-08-24T05:58:01","modified_gmt":"2021-08-24T05:58:01","slug":"willkommen","status":"publish","type":"page","link":"https:\/\/www.kurt-gerstein.de\/","title":{"rendered":"Willkommen"},"content":{"rendered":"\n<p>Diese Seiten sollen \u00fcber die Person und das Wirken Kurt Gersteins informieren, dessen archivalischer Nachlass (Sammlung Kurt Gerstein bzw. &#8220;Kurt-Gerstein-Archiv&#8221;) sich im Landeskirchlichen Archiv der Evangelischen Kirche von Westfalen (Bielefeld) befindet. <\/p>\n\n\n\n<p>Die bisherigen Informationen im Netz zur Person, zum Wirken und zur Nachwirkung Kurt Gersteins sind nur verstreut aufzufinden. Angesichts des nach wie vor gro\u00dfen \u00f6ffentlichen Interesses an dem SS-Offizier und Widerstandsk\u00e4mpfer Kurt Gerstein, hervorgerufen u.a. durch den Kinofilm &#8220;Amen&#8221; \/ &#8220;Der Stellvertreter&#8221;, werden auf diesen Seiten auch einige Web-Informationen verlinkt. &#8211; Auf den einzelnen Seiten dieser Webseite finden sich die weiterf\u00fchrenden Links zum Thema Kurt Gerstein wie auch zum Theaterst\u00fcck Hochhuths (&#8220;Der Stellvertreter&#8221;) und zum Film von Costa-Gavras (&#8220;Amen&#8221;).<\/p>\n\n\n\n<p>Landeskirchliches Archiv der Evangelischen Kirche von Westfalen<br>Bethelplatz 2<br>33617 Bielefeld<br>0521-594164<br><a href=\"mailto:archiv@ekvw.de\" target=\"_blank\" rel=\"noreferrer noopener\">archiv@ekvw.de<\/a><\/p>\n\n\n\n<p><a rel=\"noreferrer noopener\" href=\"mailto:archiv@ekvw.de\" target=\"_blank\"><\/a><a rel=\"noreferrer noopener\" href=\"http:\/\/www.archiv-ekvw.de\" data-type=\"URL\" data-id=\"www.archiv-ekvw.de\" target=\"_blank\">www.archiv-ekvw.de<\/a><\/p>\n","protected":false},"excerpt":{"rendered":"<p>Diese Seiten sollen \u00fcber die Person und das Wirken Kurt Gersteins informieren, dessen archivalischer Nachlass (Sammlung Kurt Gerstein bzw. &#8220;Kurt-Gerstein-Archiv&#8221;) sich im Landeskirchlichen Archiv der Evangelischen Kirche von Westfalen (Bielefeld) befindet. Die bisherigen Informationen im Netz zur Person, zum Wirken und zur Nachwirkung Kurt Gersteins sind nur verstreut aufzufinden. Angesichts des nach wie vor gro\u00dfen&#8230;<\/p>\n","protected":false},"author":1,"featured_media":96,"parent":0,"menu_order":0,"comment_status":"closed","ping_status":"closed","template":"page_fullwidth.php","meta":{"footnotes":""},"class_list":["post-80","page","type-page","status-publish","has-post-thumbnail","hentry"],"_links":{"self":[{"href":"https:\/\/www.kurt-gerstein.de\/index.php\/wp-json\/wp\/v2\/pages\/80","targetHints":{"allow":["GET"]}}],"collection":[{"href":"https:\/\/www.kurt-gerstein.de\/index.php\/wp-json\/wp\/v2\/pages"}],"about":[{"href":"https:\/\/www.kurt-gerstein.de\/index.php\/wp-json\/wp\/v2\/types\/page"}],"author":[{"embeddable":true,"href":"https:\/\/www.kurt-gerstein.de\/index.php\/wp-json\/wp\/v2\/users\/1"}],"replies":[{"embeddable":true,"href":"https:\/\/www.kurt-gerstein.de\/index.php\/wp-json\/wp\/v2\/comments?post=80"}],"version-history":[{"count":10,"href":"https:\/\/www.kurt-gerstein.de\/index.php\/wp-json\/wp\/v2\/pages\/80\/revisions"}],"predecessor-version":[{"id":151,"href":"https:\/\/www.kurt-gerstein.de\/index.php\/wp-json\/wp\/v2\/pages\/80\/revisions\/151"}],"wp:featuredmedia":[{"embeddable":true,"href":"https:\/\/www.kurt-gerstein.de\/index.php\/wp-json\/wp\/v2\/media\/96"}],"wp:attachment":[{"href":"https:\/\/www.kurt-gerstein.de\/index.php\/wp-json\/wp\/v2\/media?parent=80"}],"curies":[{"name":"wp","href":"https:\/\/api.w.org\/{rel}","templated":true}]}}