{"id":29,"date":"2021-08-19T08:44:33","date_gmt":"2021-08-19T08:44:33","guid":{"rendered":"http:\/\/www.kurt-gerstein.de\/?page_id=29"},"modified":"2021-08-24T08:51:26","modified_gmt":"2021-08-24T08:51:26","slug":"publikationen","status":"publish","type":"page","link":"http:\/\/www.kurt-gerstein.de\/index.php\/publikationen\/","title":{"rendered":"Publikationen"},"content":{"rendered":"\n<p><strong>I)<\/strong>&nbsp;<strong>Monographien<\/strong><\/p>\n\n\n\n<p>Franz, Helmut, Kurt Gerstein. Au\u00dfenseiter des Widerstands der Kirche gegen Hitler, Z\u00fcrich 1964 (Neuauflage schiffweiler\/Saar 1987).<\/p>\n\n\n\n<p>Friedl\u00e4nder, Saul, Kurt Gerstein oder die Zwiesp\u00e4ltigkeit des Guten, G\u00fctersloh 1968, (Kurt Gerstein ou L&#8217;ambiguit\u00e9 du bien, Paris 1967).<\/p>\n\n\n\n<p>Gr\u00e4bner, Dieter \/ Weszkalnys, Stefan, Der ungeh\u00f6rte Zeuge. Kurt Gerstein, Christ, SS-Offizier, Spion im Lager der M\u00f6rder<br>Conte Verlag, Saarbr\u00fccken 2006<\/p>\n\n\n\n<p>Hey, Bernd\/ Rickling, Matthias\/ Stockhecke, Kerstin, Kurt Gerstein (1905-1945). Widerstand in SS-Uniform, in: Schriften des Landeskirchlichen Archivs, Band 6, Bielefeld 2000.<\/p>\n\n\n\n<p>Joffroy , Pierre, Der Spion Gottes. Die Passion des Kurt Gerstein, Stuttgart 1972 (L&#8217;Espion de Dieu. La passin de Kurt Gerstein, Paris 1971); erweiterte Neuauflage: Der Spion Gottes. Kurt Gerstein &#8211; ein SS-Offizier im Widerstand?, Berlin 1995.<\/p>\n\n\n\n<p>Sch\u00e4fer, J\u00fcrgen, Kurt Gerstein &#8211; Augenzeuge des Holocaust. Ein Leben zwischen Bibelkreisen und SS, Bielefeld 1999, (Beitr\u00e4ge zur Westf\u00e4lischen Kirchengeschichte Bd. 16).<\/p>\n\n\n\n<p><strong>II)<\/strong>&nbsp;<strong>Beitr\u00e4ge<\/strong><\/p>\n\n\n\n<p>Brinkmann, Ernst, Im &#8220;Engagement f\u00fcr die christliche Sache&#8221;. Kurt Gersteins Lebensweg, in: Beitr\u00e4ge zur Geschichte Dortmunds und der Grafschaft Mark 62 (1965), S. 1-18.<\/p>\n\n\n\n<p>Dre\u00dfen, Willi, Die Rolle eines Toten im sogenannten &#8220;DEGESCH&#8221; &#8211; Proze\u00df. Kurt Gerstein und die Zyklon-B-Lieferungen in: Jahrbuch f\u00fcr Westf\u00e4lische Kirchengeschichte 91 (1997), S. 199-210.<\/p>\n\n\n\n<p>Dreyer, Felix, Kurt Gerstein. Vom T\u00e4ter zum Widerstandsk\u00e4mpfer. Der Rehabilitierungsprozess Kurt Gersteins im Wandel der Beurteilung von Widerstand in der Nachkriegszeit&#8221;, in: Jahrbuch f\u00fcr Westf\u00e4lische Kirchengeschichte 98 (2003), S. 315-367.<\/p>\n\n\n\n<p>Flick, Caroline, Raubkunst exemplarisch: Harry Fuld, Hans W. Lange, Kurt Gerstein und Henri Matisses &#8216;Le Mur Rose&#8217;. In: Jahrbuch f\u00fcr Westf\u00e4lische Kirchengeschichte, Bd. 105 (2009), S. 419-486.<\/p>\n\n\n\n<p>Franz, Egon, Die sexualp\u00e4dagogische Missionsarbeit Kurt Gersteins im Rahmen seines Widerstandes gegen die Machthaber des 3. Reiches, in: Die Innere Mission 60 (1970), S. 208-216.<\/p>\n\n\n\n<p>Hey, Bernd, Das Kurt-Gerstein-Archiv, in: Archivmitteilungen der Westf\u00e4lischen Kirche, Nr. 8, 1998, S. 8-18.<\/p>\n\n\n\n<p>Hey, Bernd, Kurt Gerstein im Widerstand. Versuch einer Positionsbestimmung, in: Jahrbuch f\u00fcr Westf\u00e4lische Kirchengeschichte 93 (1999), S. 229-240.<\/p>\n\n\n\n<p>Jersak, Tobias, Die vermeintliche Ambivalenz des B\u00f6sen: Der SS-Offizier Kurt Gerstein, in: Gerhard Hirschfeld, Tobias Jersak (Hg.), Karrieren im Nationalsozialismus. Funktionseliten zwischen Mitwirkung und Distanz, Campus, Frankfurt\/New York 2004, S. 255-262.<\/p>\n\n\n\n<p>Katthagen, Alfred, Kurt Gerstein. Eine deutsche Passion in der Hitlerzeit, Hagen 1985.<\/p>\n\n\n\n<p>Steinbach, Peter: Kurt Gerstein. Der Einzelt\u00e4ter im Dilemma des exemplarischen Handelns, in: Jahrbuch f\u00fcr Westf\u00e4lische Kirchengeschichte 91 (1997), S. 183-197.<\/p>\n\n\n\n<p>Talazko, Helmut: Kurt Gerstein und der Central-Ausschu\u00df f\u00fcr die Innere Mission der Deutschen Evangelischen Kirche, in: Die Innere Mission 60 (1970), S. 196-208.<\/p>\n\n\n\n<p><strong>III)<\/strong>&nbsp;<strong>Ungedruckte Quellen<\/strong><\/p>\n\n\n\n<p>Landeskirchliches Archiv in Bielefeld:<br><a href=\"https:\/\/www.archive.nrw.de\/archivsuche?link=FINDBUCH-Best_253d5e60-c3f5-4ee6-902d-173c9f904f53\" target=\"_blank\" rel=\"noreferrer noopener\">Bestand Kurt Gerstein 5.2<\/a><br>Bestand Ernst Wilm 0.1<\/p>\n\n\n\n<p><strong>IV)<\/strong>&nbsp;<strong>weitere Bibliographien<\/strong><\/p>\n\n\n\n<p>Zu finden bei:<br>Rehabilitierungsprozess Kurt Gersteins im Wandel der Beurteilung von Widerstand in der Nachkriegszeit&#8221;, in:&nbsp;<a href=\"http:\/\/www.vwkg.de\/jahrbuch.htm\" target=\"_blank\" rel=\"noreferrer noopener\">Jahrbuch f\u00fcr Westf\u00e4lische Kirchengeschichte<\/a>&nbsp;98 \/ 2003, 315-367.<\/p>\n","protected":false},"excerpt":{"rendered":"<p>I)&nbsp;Monographien Franz, Helmut, Kurt Gerstein. Au\u00dfenseiter des Widerstands der Kirche gegen Hitler, Z\u00fcrich 1964 (Neuauflage schiffweiler\/Saar 1987). Friedl\u00e4nder, Saul, Kurt Gerstein oder die Zwiesp\u00e4ltigkeit des Guten, G\u00fctersloh 1968, (Kurt Gerstein ou L&#8217;ambiguit\u00e9 du bien, Paris 1967). Gr\u00e4bner, Dieter \/ Weszkalnys, Stefan, Der ungeh\u00f6rte Zeuge. Kurt Gerstein, Christ, SS-Offizier, Spion im Lager der M\u00f6rderConte Verlag, Saarbr\u00fccken&#8230;<\/p>\n","protected":false},"author":1,"featured_media":104,"parent":0,"menu_order":4,"comment_status":"closed","ping_status":"closed","template":"","meta":{"footnotes":""},"class_list":["post-29","page","type-page","status-publish","has-post-thumbnail","hentry"],"_links":{"self":[{"href":"http:\/\/www.kurt-gerstein.de\/index.php\/wp-json\/wp\/v2\/pages\/29","targetHints":{"allow":["GET"]}}],"collection":[{"href":"http:\/\/www.kurt-gerstein.de\/index.php\/wp-json\/wp\/v2\/pages"}],"about":[{"href":"http:\/\/www.kurt-gerstein.de\/index.php\/wp-json\/wp\/v2\/types\/page"}],"author":[{"embeddable":true,"href":"http:\/\/www.kurt-gerstein.de\/index.php\/wp-json\/wp\/v2\/users\/1"}],"replies":[{"embeddable":true,"href":"http:\/\/www.kurt-gerstein.de\/index.php\/wp-json\/wp\/v2\/comments?post=29"}],"version-history":[{"count":3,"href":"http:\/\/www.kurt-gerstein.de\/index.php\/wp-json\/wp\/v2\/pages\/29\/revisions"}],"predecessor-version":[{"id":158,"href":"http:\/\/www.kurt-gerstein.de\/index.php\/wp-json\/wp\/v2\/pages\/29\/revisions\/158"}],"wp:featuredmedia":[{"embeddable":true,"href":"http:\/\/www.kurt-gerstein.de\/index.php\/wp-json\/wp\/v2\/media\/104"}],"wp:attachment":[{"href":"http:\/\/www.kurt-gerstein.de\/index.php\/wp-json\/wp\/v2\/media?parent=29"}],"curies":[{"name":"wp","href":"https:\/\/api.w.org\/{rel}","templated":true}]}}